{"id":3364,"date":"2021-09-29T14:47:22","date_gmt":"2021-09-29T14:47:22","guid":{"rendered":"http:\/\/www.iremworld.com.tr\/?page_id=3364"},"modified":"2023-12-05T12:37:21","modified_gmt":"2023-12-05T12:37:21","slug":"citizenship","status":"publish","type":"page","link":"https:\/\/iremworld.com\/tr\/citizenship\/","title":{"rendered":"Vatanda\u015fl\u0131k"},"content":{"rendered":"<div data-elementor-type=\"wp-page\" data-elementor-id=\"3364\" class=\"elementor elementor-3364\">\n\t\t\t\t\t\t\t\t\t<section class=\"elementor-section elementor-top-section elementor-element elementor-element-2cdf825 elementor-section-stretched elementor-section-boxed elementor-section-height-default elementor-section-height-default\" data-id=\"2cdf825\" data-element_type=\"section\" data-settings=\"{&quot;stretch_section&quot;:&quot;section-stretched&quot;}\">\n\t\t\t\t\t\t<div class=\"elementor-container elementor-column-gap-extended\">\n\t\t\t\t\t<div class=\"elementor-column elementor-col-100 elementor-top-column elementor-element elementor-element-80ffbfe\" data-id=\"80ffbfe\" data-element_type=\"column\">\n\t\t\t<div class=\"elementor-widget-wrap elementor-element-populated\">\n\t\t\t\t\t\t\t\t<div class=\"elementor-element elementor-element-1e93a36 elementor-widget elementor-widget-heading\" data-id=\"1e93a36\" data-element_type=\"widget\" data-widget_type=\"heading.default\">\n\t\t\t\t<div class=\"elementor-widget-container\">\n\t\t\t<style>\/*! elementor - v3.15.0 - 09-08-2023 *\/\n.elementor-heading-title{padding:0;margin:0;line-height:1}.elementor-widget-heading .elementor-heading-title[class*=elementor-size-]>a{color:inherit;font-size:inherit;line-height:inherit}.elementor-widget-heading .elementor-heading-title.elementor-size-small{font-size:15px}.elementor-widget-heading .elementor-heading-title.elementor-size-medium{font-size:19px}.elementor-widget-heading .elementor-heading-title.elementor-size-large{font-size:29px}.elementor-widget-heading .elementor-heading-title.elementor-size-xl{font-size:39px}.elementor-widget-heading .elementor-heading-title.elementor-size-xxl{font-size:59px}<\/style><h2 class=\"elementor-heading-title elementor-size-default\">Yat\u0131r\u0131m Yoluyla T\u00fcrk Vatanda\u015fl\u0131\u011f\u0131<\/h2>\t\t<\/div>\n\t\t\t\t<\/div>\n\t\t\t\t\t<\/div>\n\t\t<\/div>\n\t\t\t\t\t\t\t<\/div>\n\t\t<\/section>\n\t\t\t\t<section class=\"elementor-section elementor-top-section elementor-element elementor-element-d2355aa elementor-section-stretched elementor-section-boxed elementor-section-height-default elementor-section-height-default\" data-id=\"d2355aa\" data-element_type=\"section\" data-settings=\"{&quot;stretch_section&quot;:&quot;section-stretched&quot;}\">\n\t\t\t\t\t\t<div class=\"elementor-container elementor-column-gap-extended\">\n\t\t\t\t\t<div class=\"elementor-column elementor-col-100 elementor-top-column elementor-element elementor-element-ac52913\" data-id=\"ac52913\" data-element_type=\"column\">\n\t\t\t<div class=\"elementor-widget-wrap elementor-element-populated\">\n\t\t\t\t\t\t\t\t<div class=\"elementor-element elementor-element-d3a8d15 elementor-widget elementor-widget-text-editor\" data-id=\"d3a8d15\" data-element_type=\"widget\" data-widget_type=\"text-editor.default\">\n\t\t\t\t<div class=\"elementor-widget-container\">\n\t\t\t<style>\/*! elementor - v3.15.0 - 09-08-2023 *\/\n.elementor-widget-text-editor.elementor-drop-cap-view-stacked .elementor-drop-cap{background-color:#69727d;color:#fff}.elementor-widget-text-editor.elementor-drop-cap-view-framed .elementor-drop-cap{color:#69727d;border:3px solid;background-color:transparent}.elementor-widget-text-editor:not(.elementor-drop-cap-view-default) .elementor-drop-cap{margin-top:8px}.elementor-widget-text-editor:not(.elementor-drop-cap-view-default) .elementor-drop-cap-letter{width:1em;height:1em}.elementor-widget-text-editor .elementor-drop-cap{float:left;text-align:center;line-height:1;font-size:50px}.elementor-widget-text-editor .elementor-drop-cap-letter{display:inline-block}<\/style>\t\t\t\t<p>T\u00fcrk vatanda\u015f\u0131 olarak do\u011fmam\u0131\u015f olabilirsiniz ama bu T\u00fcrk vatanda\u015f\u0131 olamayaca\u011f\u0131n\u0131z anlam\u0131na gelmez. T\u00fcrk h\u00fck\u00fcmeti, T\u00fcrk vatanda\u015f\u0131 olmayanlara T\u00fcrk vatanda\u015f\u0131 olma ayr\u0131cal\u0131\u011f\u0131n\u0131 elde etmeleri i\u00e7in b\u00fcy\u00fck bir f\u0131rsat sunuyor. \u0130yi olan \u015fey, hi\u00e7 de zor de\u011fil. Ta\u015f\u0131nmaz gayrimenkul yat\u0131r\u0131m\u0131 yapmak i\u00e7in dikkatli bir \u015fekilde izlemeniz gereken baz\u0131 ad\u0131mlar vard\u0131r. Kendinizi ve sevdiklerinizi T\u00fcrkiye Cumhuriyeti vatanda\u015f\u0131 yapmak i\u00e7in t\u00fcm i\u015flemleri ve evraklar\u0131 tamamlaman\u0131z en fazla birka\u00e7 ay\u0131n\u0131z\u0131 alacakt\u0131r.<\/p><p>Eksiksiz bir rehber aray\u0131\u015f\u0131nda olan vatanda\u015fl\u0131k adaylar\u0131 i\u00e7in bu makale, T\u00fcrkiye'de gayrimenkul yat\u0131r\u0131m\u0131 ile T\u00fcrk vatanda\u015f\u0131 olmak i\u00e7in her ayr\u0131nt\u0131y\u0131 a\u00e7\u0131klamaktad\u0131r.<\/p><p class=\" translation-block\">\u00d6ncelikle yat\u0131r\u0131m tutar\u0131na de\u011finelim. Kendinize, e\u015finize ve 18 ya\u015f\u0131ndan k\u00fc\u00e7\u00fck \u00e7ocuklar\u0131n\u0131za T\u00fcrk vatanda\u015fl\u0131\u011f\u0131 kazand\u0131rmak i\u00e7in minimum gayrimenkul yat\u0131r\u0131m tutar\u0131 <strong>250.000 $<\/strong> 'd\u0131r. Do\u011fru duydunuz, sadece bir ev fiyat\u0131na T\u00fcrk vatanda\u015f\u0131 olabilir ve ayr\u0131cal\u0131klardan yararlanabilirsiniz.<\/p>\t\t\t\t\t\t<\/div>\n\t\t\t\t<\/div>\n\t\t\t\t<div class=\"elementor-element elementor-element-22dee0b elementor-widget elementor-widget-text-editor\" data-id=\"22dee0b\" data-element_type=\"widget\" data-widget_type=\"text-editor.default\">\n\t\t\t\t<div class=\"elementor-widget-container\">\n\t\t\t\t\t\t\t<p>Gelin hep birlikte s\u00fcrece ve hangi ad\u0131mlar\u0131 atman\u0131z gerekti\u011fine bir g\u00f6z atal\u0131m.<\/p>\t\t\t\t\t\t<\/div>\n\t\t\t\t<\/div>\n\t\t\t\t<div class=\"elementor-element elementor-element-7c42fb1 elementor-widget elementor-widget-text-editor\" data-id=\"7c42fb1\" data-element_type=\"widget\" data-widget_type=\"text-editor.default\">\n\t\t\t\t<div class=\"elementor-widget-container\">\n\t\t\t\t\t\t\t<p>1- Vergi Kay\u0131t Numaras\u0131 Al\u0131n<\/p>\t\t\t\t\t\t<\/div>\n\t\t\t\t<\/div>\n\t\t\t\t<div class=\"elementor-element elementor-element-80ee56a elementor-widget elementor-widget-text-editor\" data-id=\"80ee56a\" data-element_type=\"widget\" data-widget_type=\"text-editor.default\">\n\t\t\t\t<div class=\"elementor-widget-container\">\n\t\t\t\t\t\t\t<p>Her \u015feye ba\u015flamak i\u00e7in ihtiyac\u0131n\u0131z olan ilk \u015fey bir vergi kay\u0131t numaras\u0131d\u0131r. T\u00fcm s\u00fcre\u00e7ler buna ba\u011fl\u0131 olacakt\u0131r. Karma\u015f\u0131k bir i\u015flem de\u011fildir ve vergi numaras\u0131 T\u00fcrkiye'deki herhangi bir vergi dairesinden al\u0131nabilir. Sadece pasaport asl\u0131, pasaport fotokopisi ve g\u00fcncel foto\u011fraf ile ba\u015fvuru yapman\u0131z yeterlidir. Olduk\u00e7a basit ve h\u0131zl\u0131 bir ad\u0131md\u0131r.<\/p>\t\t\t\t\t\t<\/div>\n\t\t\t\t<\/div>\n\t\t\t\t<div class=\"elementor-element elementor-element-024f68d elementor-widget elementor-widget-text-editor\" data-id=\"024f68d\" data-element_type=\"widget\" data-widget_type=\"text-editor.default\">\n\t\t\t\t<div class=\"elementor-widget-container\">\n\t\t\t\t\t\t\t2- Bir T\u00fcrk Bankas\u0131nda Banka Hesab\u0131 A\u00e7\u0131n\t\t\t\t\t\t<\/div>\n\t\t\t\t<\/div>\n\t\t\t\t<div class=\"elementor-element elementor-element-579dc5f elementor-widget elementor-widget-text-editor\" data-id=\"579dc5f\" data-element_type=\"widget\" data-widget_type=\"text-editor.default\">\n\t\t\t\t<div class=\"elementor-widget-container\">\n\t\t\t\t\t\t\t<p>Vergi numaran\u0131z\u0131 ald\u0131ktan sonra, t\u00fcm parasal i\u015flemlerinizi y\u00f6netebilmeniz i\u00e7in herhangi bir T\u00fcrk bankas\u0131nda a\u00e7\u0131lm\u0131\u015f bir banka hesab\u0131na ihtiyac\u0131n\u0131z olacak. Minimum zaman gerektiren \u00e7ok basit bir ad\u0131md\u0131r. Daha \u00f6nce alm\u0131\u015f oldu\u011funuz pasaport ve vergi sicil numaran\u0131z ile herhangi bir T\u00fcrk bankas\u0131n\u0131n herhangi bir \u015fubesine ba\u015fvurman\u0131z gerekmektedir. Ayr\u0131ca ikametgah, fatura vb. resmi bir belge ile g\u00fcncel adresinizi belirtmeniz gerekecektir.<\/p>\t\t\t\t\t\t<\/div>\n\t\t\t\t<\/div>\n\t\t\t\t<div class=\"elementor-element elementor-element-37d4617 elementor-widget elementor-widget-text-editor\" data-id=\"37d4617\" data-element_type=\"widget\" data-widget_type=\"text-editor.default\">\n\t\t\t\t<div class=\"elementor-widget-container\">\n\t\t\t\t\t\t\t3- Sat\u0131n Almak \u0130\u00e7in M\u00fclk\u00fcn\u00fcz\u00fc Se\u00e7in\t\t\t\t\t\t<\/div>\n\t\t\t\t<\/div>\n\t\t\t\t<div class=\"elementor-element elementor-element-5b874a2 elementor-widget elementor-widget-text-editor\" data-id=\"5b874a2\" data-element_type=\"widget\" data-widget_type=\"text-editor.default\">\n\t\t\t\t<div class=\"elementor-widget-container\">\n\t\t\t\t\t\t\t<p>\u015eimdi en iyi ad\u0131m, m\u00fclk av\u0131. Herhangi bir ta\u015f\u0131nmaza yat\u0131r\u0131m yapabilirsiniz, herhangi bir s\u0131n\u0131rlama yoktur. Unutulmamas\u0131 gereken tek \u015fey, m\u00fclk\u00fcn de\u011ferinin en az 250.000 dolar veya kar\u015f\u0131l\u0131\u011f\u0131 T\u00fcrk Liras\u0131 olmas\u0131 gerekti\u011fidir. Bu miktar\u0131 kar\u015f\u0131lamak i\u00e7in bir veya birden fazla m\u00fclk sat\u0131n alabilirsiniz. Kullan\u0131ma haz\u0131r bir m\u00fclk olabilir veya in\u015faat s\u00fcrecinde olabilir, tamamlamay\u0131 kapat\u0131n. En az 3 y\u0131l saklaman\u0131z gerekece\u011finden se\u00e7iminizi \u00e7ok dikkatli yapt\u0131\u011f\u0131n\u0131zdan emin olun. M\u00fclk, oturma ruhsat\u0131 almak i\u00e7in t\u00fcm resmi de\u011ferlendirmeleri ge\u00e7melidir.<\/p>\t\t\t\t\t\t<\/div>\n\t\t\t\t<\/div>\n\t\t\t\t<div class=\"elementor-element elementor-element-b0b8717 elementor-widget elementor-widget-text-editor\" data-id=\"b0b8717\" data-element_type=\"widget\" data-widget_type=\"text-editor.default\">\n\t\t\t\t<div class=\"elementor-widget-container\">\n\t\t\t\t\t\t\t4- M\u00fclk\u00fcn\u00fcz\u00fcn Sat\u0131n Alma \u0130\u015flemini Tamamlay\u0131n\t\t\t\t\t\t<\/div>\n\t\t\t\t<\/div>\n\t\t\t\t<div class=\"elementor-element elementor-element-3581021 elementor-widget elementor-widget-text-editor\" data-id=\"3581021\" data-element_type=\"widget\" data-widget_type=\"text-editor.default\">\n\t\t\t\t<div class=\"elementor-widget-container\">\n\t\t\t\t\t\t\t<p>Art\u0131k yat\u0131r\u0131m\u0131n\u0131z\u0131 tamamlamadan \u00f6nce t\u00fcm ad\u0131mlar\u0131 tamamlad\u0131n\u0131z. Vergi numaran\u0131z\u0131 ald\u0131n\u0131z, banka hesab\u0131n\u0131z\u0131 a\u00e7t\u0131n\u0131z, sat\u0131n almak i\u00e7in en iyi gayrimenkul\u00fc se\u00e7tiniz. \u015eimdi anla\u015fmay\u0131 imzalama zaman\u0131. M\u00fclk\u00fcn \u00f6denmesi i\u00e7in para i\u015flemini tamamlaman\u0131z gerekir. Ayr\u0131ca \u00f6deme makbuzu gibi i\u015flemin kan\u0131t\u0131n\u0131 da alman\u0131z gerekir. Yat\u0131r\u0131m\u0131n\u0131z\u0131n tamamland\u0131\u011f\u0131n\u0131 resmile\u015ftirmek i\u00e7in tapu sicilini alman\u0131z gerekiyor. Ayr\u0131ca, sat\u0131\u015f s\u00f6zle\u015fmesini en az 3 y\u0131l boyunca m\u00fclk\u00fcn sizin taraf\u0131n\u0131zdan sat\u0131lamayaca\u011f\u0131n\u0131 belirten bir notla noter tasdik ettirmeniz gerekir. Art\u0131k m\u00fclk\u00fcn\u00fcz\u00fc ald\u0131n\u0131z, vatanda\u015fl\u0131k s\u00fcrecini ba\u015flatman\u0131n zaman\u0131 geldi.<\/p>\t\t\t\t\t\t<\/div>\n\t\t\t\t<\/div>\n\t\t\t\t<div class=\"elementor-element elementor-element-8807700 elementor-widget elementor-widget-text-editor\" data-id=\"8807700\" data-element_type=\"widget\" data-widget_type=\"text-editor.default\">\n\t\t\t\t<div class=\"elementor-widget-container\">\n\t\t\t\t\t\t\t<p>5- M\u00fclk\u00fcn\u00fcz \u0130\u00e7in Resmi De\u011ferleme \u0130\u015flemini Tamamlay\u0131n<\/p>\t\t\t\t\t\t<\/div>\n\t\t\t\t<\/div>\n\t\t\t\t<div class=\"elementor-element elementor-element-d9c084e elementor-widget elementor-widget-text-editor\" data-id=\"d9c084e\" data-element_type=\"widget\" data-widget_type=\"text-editor.default\">\n\t\t\t\t<div class=\"elementor-widget-container\">\n\t\t\t\t\t\t\t<p>Art\u0131k yetkili ki\u015filere yeni m\u00fclk\u00fcn\u00fcz i\u00e7in bir Resmi De\u011ferleme Anketi yapt\u0131rarak de\u011ferini belirlemesini sa\u011flamal\u0131s\u0131n\u0131z. Ard\u0131ndan m\u00fclk\u00fcn\u00fcz\u00fc ad\u0131n\u0131za tescil edeceksiniz. Kimlik belgeniz, tapu ve \u00f6deme belgeniz ile \u00c7evre ve \u015eehircilik Bakanl\u0131\u011f\u0131'na ba\u015fvurman\u0131z gerekmektedir.<\/p>\t\t\t\t\t\t<\/div>\n\t\t\t\t<\/div>\n\t\t\t\t<div class=\"elementor-element elementor-element-3fc3e75 elementor-widget elementor-widget-text-editor\" data-id=\"3fc3e75\" data-element_type=\"widget\" data-widget_type=\"text-editor.default\">\n\t\t\t\t<div class=\"elementor-widget-container\">\n\t\t\t\t\t\t\t6- Oturma \u0130zninizi Al\u0131n\t\t\t\t\t\t<\/div>\n\t\t\t\t<\/div>\n\t\t\t\t<div class=\"elementor-element elementor-element-7d56491 elementor-widget elementor-widget-text-editor\" data-id=\"7d56491\" data-element_type=\"widget\" data-widget_type=\"text-editor.default\">\n\t\t\t\t<div class=\"elementor-widget-container\">\n\t\t\t\t\t\t\tBu arada T\u00fcrkiye'de ya\u015famak istiyorsan\u0131z k\u0131sa d\u00f6nem oturma izni alabilirsiniz. Bu zorunlu oldu\u011funuz anlam\u0131na gelmez, vatanda\u015fl\u0131k almaya \u00e7al\u0131\u015ft\u0131\u011f\u0131n\u0131z s\u00fcre boyunca T\u00fcrkiye'de kalmayabilirsiniz.\n\n\t\t\t\t\t\t<\/div>\n\t\t\t\t<\/div>\n\t\t\t\t<div class=\"elementor-element elementor-element-739b89c elementor-widget elementor-widget-text-editor\" data-id=\"739b89c\" data-element_type=\"widget\" data-widget_type=\"text-editor.default\">\n\t\t\t\t<div class=\"elementor-widget-container\">\n\t\t\t\t\t\t\t7- Vatanda\u015fl\u0131k Ba\u015fvuru S\u00fcrecini Ba\u015flat\u0131n\t\t\t\t\t\t<\/div>\n\t\t\t\t<\/div>\n\t\t\t\t<div class=\"elementor-element elementor-element-8384b9f elementor-widget elementor-widget-text-editor\" data-id=\"8384b9f\" data-element_type=\"widget\" data-widget_type=\"text-editor.default\">\n\t\t\t\t<div class=\"elementor-widget-container\">\n\t\t\t\t\t\t\tVatanda\u015fl\u0131k ba\u015fvuru s\u00fcreci i\u00e7in her \u015fey halledildi. Bir sonraki ad\u0131m, gerekli belgeleri toplamak ve G\u00f6\u00e7 \u0130daresi Genel M\u00fcd\u00fcrl\u00fc\u011f\u00fc'ne ba\u015fvurmak. Bu ad\u0131mda biyometrik bilgilerinizi, parmak izlerinizi de vereceksiniz.\t\t\t\t\t\t<\/div>\n\t\t\t\t<\/div>\n\t\t\t\t<div class=\"elementor-element elementor-element-49dfe40 elementor-widget elementor-widget-image\" data-id=\"49dfe40\" data-element_type=\"widget\" data-widget_type=\"image.default\">\n\t\t\t\t<div class=\"elementor-widget-container\">\n\t\t\t<style>\/*! elementor - v3.15.0 - 09-08-2023 *\/\n.elementor-widget-image{text-align:center}.elementor-widget-image a{display:inline-block}.elementor-widget-image a img[src$=\".svg\"]{width:48px}.elementor-widget-image img{vertical-align:middle;display:inline-block}<\/style>\t\t\t\t\t\t\t\t\t\t\t\t<img loading=\"lazy\" decoding=\"async\" width=\"1024\" height=\"438\" src=\"https:\/\/iremworld.com\/wp-content\/uploads\/2021\/09\/Citizenship1.webp\" class=\"attachment-full size-full wp-image-3538\" alt=\"\" srcset=\"https:\/\/iremworld.com\/wp-content\/uploads\/2021\/09\/Citizenship1.webp 1024w, https:\/\/iremworld.com\/wp-content\/uploads\/2021\/09\/Citizenship1-300x128.webp 300w, https:\/\/iremworld.com\/wp-content\/uploads\/2021\/09\/Citizenship1-768x329.webp 768w, https:\/\/iremworld.com\/wp-content\/uploads\/2021\/09\/Citizenship1-600x257.webp 600w\" sizes=\"auto, (max-width: 1024px) 100vw, 1024px\" \/>\t\t\t\t\t\t\t\t\t\t\t\t\t\t\t<\/div>\n\t\t\t\t<\/div>\n\t\t\t\t<div class=\"elementor-element elementor-element-57469b5 elementor-widget elementor-widget-text-editor\" data-id=\"57469b5\" data-element_type=\"widget\" data-widget_type=\"text-editor.default\">\n\t\t\t\t<div class=\"elementor-widget-container\">\n\t\t\t\t\t\t\tGerekli belgelerin listesi a\u015fa\u011f\u0131da kontrol edilebilir:\t\t\t\t\t\t<\/div>\n\t\t\t\t<\/div>\n\t\t\t\t<div class=\"elementor-element elementor-element-3775e28 elementor-widget elementor-widget-text-editor\" data-id=\"3775e28\" data-element_type=\"widget\" data-widget_type=\"text-editor.default\">\n\t\t\t\t<div class=\"elementor-widget-container\">\n\t\t\t\t\t\t\t<p>* Do\u011fum Belgesi<br \/>* Evlilik Belgesi<br \/>* Arka fonu beyaz 12 biyometrik foto\u011fraf<br \/>* Pasaportlar<\/p><p>Bu kadar basit, dikkatli bir \u015fekilde takip etmeniz gereken 7 ad\u0131m ve g\u00f6z a\u00e7\u0131p kapay\u0131ncaya kadar T\u00fcrk vatanda\u015fl\u0131\u011f\u0131n\u0131z\u0131 alacaks\u0131n\u0131z. T\u00fcm ara\u015ft\u0131rma, yat\u0131r\u0131m ve evrak i\u015flemleri en fazla 3-4 ay s\u00fcrer ve taze TC kimliklerini toplayabilirsiniz.<br \/>Bu makaleyi tamamlamadan \u00f6nce, size en \u00f6nemli noktalardan baz\u0131lar\u0131n\u0131 bir kez daha hat\u0131rlatmak istiyoruz.<\/p>\t\t\t\t\t\t<\/div>\n\t\t\t\t<\/div>\n\t\t\t\t<div class=\"elementor-element elementor-element-0d84aad elementor-widget elementor-widget-text-editor\" data-id=\"0d84aad\" data-element_type=\"widget\" data-widget_type=\"text-editor.default\">\n\t\t\t\t<div class=\"elementor-widget-container\">\n\t\t\t\t\t\t\t<ul><li><strong>Unutmay\u0131n, yat\u0131r\u0131m yapt\u0131\u011f\u0131n\u0131z m\u00fclk\u00fc\/m\u00fclkleri en az 3 y\u0131l elinizde tutman\u0131z gerekecek. Bu s\u00fcre boyunca herhangi bir nedenle satamazs\u0131n\u0131z.<\/strong><\/li><li><strong>3 y\u0131l sonra emlak(lar)\u0131n\u0131z\u0131 satabilirsiniz, T\u00fcrk vatanda\u015fl\u0131\u011f\u0131n\u0131z hala ge\u00e7erli olacakt\u0131r.<\/strong><\/li><li><strong>T\u00fcrk vatanda\u015fl\u0131\u011f\u0131 aday\u0131, e\u015fi\/kocas\u0131 ve 18 ya\u015f\u0131ndan k\u00fc\u00e7\u00fck \u00e7ocuklar\u0131na vatanda\u015fl\u0131k verecek.<\/strong><\/li><li><strong>Bu i\u015flemi tamamlamak i\u00e7in T\u00fcrkiye'de fiziksel olarak bulunman\u0131z gerekmez. Halen ikamet etti\u011finiz yerde ya\u015fayabilir ve yine de vatanda\u015fl\u0131\u011f\u0131n\u0131z\u0131 alabilirsiniz.<\/strong><\/li><li><strong>TC kimlik ve pasaportlar\u0131n\u0131z\u0131 al\u0131p 3 y\u0131ll\u0131k s\u00fcreci tamamlad\u0131ktan sonra siz, hayat arkada\u015f\u0131n\u0131z ve \u00e7ocuklar\u0131n\u0131z \u00f6m\u00fcrlerinin sonuna kadar T\u00fcrk vatanda\u015f\u0131 olacaks\u0131n\u0131z. Vatanda\u015fl\u0131k ald\u0131ktan sonra sahip olabilece\u011finiz t\u00fcm \u00e7ocuklar\u0131n\u0131z T\u00fcrk do\u011facak.<\/strong><\/li><li><strong>T\u00fcrk vatanda\u015f\u0131yken de ba\u015fka bir \u00fclkenin vatanda\u015f\u0131 olabilirsiniz.<\/strong><\/li><\/ul>\t\t\t\t\t\t<\/div>\n\t\t\t\t<\/div>\n\t\t\t\t<div class=\"elementor-element elementor-element-1fccb13 elementor-widget elementor-widget-text-editor\" data-id=\"1fccb13\" data-element_type=\"widget\" data-widget_type=\"text-editor.default\">\n\t\t\t\t<div class=\"elementor-widget-container\">\n\t\t\t\t\t\t\t<p>Umar\u0131z bu i\u00e7erik sizin i\u00e7in faydal\u0131 olmu\u015ftur. T\u00fcrkiye, en yard\u0131msever, ho\u015fg\u00f6r\u00fcl\u00fc ve s\u0131cak kanl\u0131 insanlar\u0131yla kollar\u0131n\u0131 a\u00e7arak sizleri bekliyor. Kendiniz ve aileniz i\u00e7in onlardan olmak ve T\u00fcrk vatanda\u015fl\u0131\u011f\u0131 almak \u00e7ok kolay. Yukar\u0131da belirtilen 7 ad\u0131m\u0131 takip edebilir, profesyonel dan\u0131\u015fmanl\u0131k ofisleri ile \u00e7al\u0131\u015fabilir, bu s\u00fcre\u00e7lerde profesyonel olan gayrimenkul yat\u0131r\u0131m uzmanlar\u0131ndan yard\u0131m alabilirsiniz. \u0130lk ad\u0131m\u0131 at\u0131n ve karar verin, sonraki 7 ad\u0131m sizi hayallerinize ta\u015f\u0131mak i\u00e7in takip etmesi \u00e7ok kolay.<\/p>\t\t\t\t\t\t<\/div>\n\t\t\t\t<\/div>\n\t\t\t\t\t<\/div>\n\t\t<\/div>\n\t\t\t\t\t\t\t<\/div>\n\t\t<\/section>\n\t\t\t\t<section class=\"elementor-section elementor-top-section elementor-element elementor-element-00627ed elementor-section-stretched elementor-section-content-middle elementor-section-boxed elementor-section-height-default elementor-section-height-default\" data-id=\"00627ed\" data-element_type=\"section\" data-settings=\"{&quot;stretch_section&quot;:&quot;section-stretched&quot;,&quot;background_background&quot;:&quot;classic&quot;}\">\n\t\t\t\t\t\t<div class=\"elementor-container elementor-column-gap-extended\">\n\t\t\t\t\t<div class=\"elementor-column elementor-col-100 elementor-top-column elementor-element elementor-element-26284c0\" data-id=\"26284c0\" data-element_type=\"column\">\n\t\t\t<div class=\"elementor-widget-wrap elementor-element-populated\">\n\t\t\t\t\t\t\t\t<div class=\"elementor-element elementor-element-5e9d9af elementor-widget elementor-widget-spacer\" data-id=\"5e9d9af\" data-element_type=\"widget\" data-widget_type=\"spacer.default\">\n\t\t\t\t<div class=\"elementor-widget-container\">\n\t\t\t<style>\/*! elementor - v3.15.0 - 09-08-2023 *\/\n.elementor-column .elementor-spacer-inner{height:var(--spacer-size)}.e-con{--container-widget-width:100%}.e-con-inner>.elementor-widget-spacer,.e-con>.elementor-widget-spacer{width:var(--container-widget-width,var(--spacer-size));--align-self:var(--container-widget-align-self,initial);--flex-shrink:0}.e-con-inner>.elementor-widget-spacer>.elementor-widget-container,.e-con-inner>.elementor-widget-spacer>.elementor-widget-container>.elementor-spacer,.e-con>.elementor-widget-spacer>.elementor-widget-container,.e-con>.elementor-widget-spacer>.elementor-widget-container>.elementor-spacer{height:100%}.e-con-inner>.elementor-widget-spacer>.elementor-widget-container>.elementor-spacer>.elementor-spacer-inner,.e-con>.elementor-widget-spacer>.elementor-widget-container>.elementor-spacer>.elementor-spacer-inner{height:var(--container-widget-height,var(--spacer-size))}<\/style>\t\t<div class=\"elementor-spacer\">\n\t\t\t<div class=\"elementor-spacer-inner\"><\/div>\n\t\t<\/div>\n\t\t\t\t<\/div>\n\t\t\t\t<\/div>\n\t\t\t\t\t<\/div>\n\t\t<\/div>\n\t\t\t\t\t\t\t<\/div>\n\t\t<\/section>\n\t\t\t\t\t\t\t<\/div>","protected":false},"excerpt":{"rendered":"<p>Turkish Citizenship by Investment You may not be born as a Turkish citizen, but it does not mean that you cannot be one. The Turkish government offers a great opportunity to non-Turkish people for getting the privilege to become a Turkish citizens. Good thing is, it is not difficult at all. There are some steps [&hellip;]<\/p>","protected":false},"author":1,"featured_media":0,"parent":0,"menu_order":0,"comment_status":"closed","ping_status":"closed","template":"","meta":{"footnotes":""},"class_list":["post-3364","page","type-page","status-publish","hentry"],"jetpack_sharing_enabled":true,"_links":{"self":[{"href":"https:\/\/iremworld.com\/tr\/wp-json\/wp\/v2\/pages\/3364","targetHints":{"allow":["GET"]}}],"collection":[{"href":"https:\/\/iremworld.com\/tr\/wp-json\/wp\/v2\/pages"}],"about":[{"href":"https:\/\/iremworld.com\/tr\/wp-json\/wp\/v2\/types\/page"}],"author":[{"embeddable":true,"href":"https:\/\/iremworld.com\/tr\/wp-json\/wp\/v2\/users\/1"}],"replies":[{"embeddable":true,"href":"https:\/\/iremworld.com\/tr\/wp-json\/wp\/v2\/comments?post=3364"}],"version-history":[{"count":3,"href":"https:\/\/iremworld.com\/tr\/wp-json\/wp\/v2\/pages\/3364\/revisions"}],"predecessor-version":[{"id":4853,"href":"https:\/\/iremworld.com\/tr\/wp-json\/wp\/v2\/pages\/3364\/revisions\/4853"}],"wp:attachment":[{"href":"https:\/\/iremworld.com\/tr\/wp-json\/wp\/v2\/media?parent=3364"}],"curies":[{"name":"wp","href":"https:\/\/api.w.org\/{rel}","templated":true}]}}